{"id":8977,"date":"2017-12-12T15:48:16","date_gmt":"2017-12-12T14:48:16","guid":{"rendered":"https:\/\/rubrails-tessilmare.com\/tekne-tamponlari-2\/"},"modified":"2025-05-28T12:58:13","modified_gmt":"2025-05-28T10:58:13","slug":"tekne-tamponlari-2","status":"publish","type":"page","link":"https:\/\/rubrails-tessilmare.com\/tr\/tekne-tamponlari-2\/","title":{"rendered":"Tekne tamponlar\u0131"},"content":{"rendered":"\n<style type=\"text\/css\" data-created_by=\"avia_inline_auto\" id=\"style-css-av-2ka8qo-d790a0f0229c59c3be65be5b89a8827a\">\n.flex_column.av-2ka8qo-d790a0f0229c59c3be65be5b89a8827a{\nborder-radius:0px 0px 0px 0px;\npadding:0px 0px 0px 0px;\n}\n<\/style>\n<div  class='flex_column av-2ka8qo-d790a0f0229c59c3be65be5b89a8827a av_one_full  avia-builder-el-0  el_before_av_hr  avia-builder-el-first  first flex_column_div av-zero-column-padding  '     ><p>\n<style type=\"text\/css\" data-created_by=\"avia_inline_auto\" id=\"style-css-av-nvjrqo-fcbdd762a84757c7552302c2af5cadbb\">\n#top .av-special-heading.av-nvjrqo-fcbdd762a84757c7552302c2af5cadbb{\npadding-bottom:0;\n}\nbody .av-special-heading.av-nvjrqo-fcbdd762a84757c7552302c2af5cadbb .av-special-heading-tag .heading-char{\nfont-size:25px;\n}\n.av-special-heading.av-nvjrqo-fcbdd762a84757c7552302c2af5cadbb .av-subheading{\nfont-size:15px;\n}\n<\/style>\n<div  class='av-special-heading av-nvjrqo-fcbdd762a84757c7552302c2af5cadbb av-special-heading-h1 blockquote modern-quote modern-centered  avia-builder-el-1  el_before_av_heading  avia-builder-el-first '><h1 class='av-special-heading-tag '  itemprop=\"headline\"  >TEKNE D\u00dc\u015eMELER\u0130<\/h1><div class=\"special-heading-border\"><div class=\"special-heading-inner-border\"><\/div><\/div><\/div><br \/>\n\n<style type=\"text\/css\" data-created_by=\"avia_inline_auto\" id=\"style-css-av-m5gh28-daee1b1a58ecf1e24b88ca7b9ce9f246\">\n#top .av-special-heading.av-m5gh28-daee1b1a58ecf1e24b88ca7b9ce9f246{\npadding-bottom:0;\nfont-size:20px;\n}\nbody .av-special-heading.av-m5gh28-daee1b1a58ecf1e24b88ca7b9ce9f246 .av-special-heading-tag .heading-char{\nfont-size:25px;\n}\n#top #wrap_all .av-special-heading.av-m5gh28-daee1b1a58ecf1e24b88ca7b9ce9f246 .av-special-heading-tag{\nfont-size:20px;\n}\n.av-special-heading.av-m5gh28-daee1b1a58ecf1e24b88ca7b9ce9f246 .av-subheading{\nfont-size:15px;\n}\n\n@media only screen and (min-width: 480px) and (max-width: 767px){ \n#top #wrap_all .av-special-heading.av-m5gh28-daee1b1a58ecf1e24b88ca7b9ce9f246 .av-special-heading-tag{\nfont-size:0.8em;\n}\n}\n\n@media only screen and (max-width: 479px){ \n#top #wrap_all .av-special-heading.av-m5gh28-daee1b1a58ecf1e24b88ca7b9ce9f246 .av-special-heading-tag{\nfont-size:0.8em;\n}\n}\n<\/style>\n<div  class='av-special-heading av-m5gh28-daee1b1a58ecf1e24b88ca7b9ce9f246 av-special-heading-h2 blockquote modern-quote modern-centered  avia-builder-el-2  el_after_av_heading  el_before_av_hr  av-inherit-size'><h2 class='av-special-heading-tag '  itemprop=\"headline\"  >YATINIZ \u0130\u00c7\u0130N \u0130NOVASYON VE M\u00dcKEMMELL\u0130K<\/h2><div class=\"special-heading-border\"><div class=\"special-heading-inner-border\"><\/div><\/div><\/div><br \/>\n\n<style type=\"text\/css\" data-created_by=\"avia_inline_auto\" id=\"style-css-av-kr67b4-cb408f90d5578e1735b094f01b37abf8\">\n#top .hr.av-kr67b4-cb408f90d5578e1735b094f01b37abf8{\nmargin-top:5px;\nmargin-bottom:10px;\n}\n.hr.av-kr67b4-cb408f90d5578e1735b094f01b37abf8 .hr-inner{\nwidth:7%;\nborder-color:#15354e;\n}\n<\/style>\n<div  class='hr av-kr67b4-cb408f90d5578e1735b094f01b37abf8 hr-custom  avia-builder-el-3  el_after_av_heading  el_before_av_textblock  hr-center hr-icon-no'><span class='hr-inner inner-border-av-border-fat'><span class=\"hr-inner-style\"><\/span><\/span><\/div><br \/>\n<section  class='av_textblock_section av-iik400-a4c9460688d055a9e8c30dab3f83c0bb '   itemscope=\"itemscope\" itemtype=\"https:\/\/schema.org\/CreativeWork\" ><div class='avia_textblock'  itemprop=\"text\" ><div id=\"attachment_332\" style=\"width: 310px\" class=\"wp-caption alignright\"><a href=\"https:\/\/rubrails-tessilmare.com\/tr\/sphaera-paslanmaz-celik-316l-cubuk-65\/\"><img decoding=\"async\" aria-describedby=\"caption-attachment-332\" class=\"wp-image-332 size-medium lazyload\" title=\"SPHAERA SLIM 65 W - Top quality boat fenders\" data-src=\"https:\/\/rubrails-tessilmare.com\/wp-content\/uploads\/2017\/07\/SPHAERA_SLIM65W-300x300.jpg\" alt=\"SPHAERA SLIM 65 W - Top quality boat fenders\" width=\"300\" height=\"300\" data-srcset=\"https:\/\/b1654183.smushcdn.com\/1654183\/wp-content\/uploads\/2017\/07\/SPHAERA_SLIM65W-300x300.jpg?lossy=0&amp;strip=1&amp;webp=1 300w, https:\/\/b1654183.smushcdn.com\/1654183\/wp-content\/uploads\/2017\/07\/SPHAERA_SLIM65W-80x80.jpg?lossy=0&amp;strip=1&amp;webp=1 80w, https:\/\/b1654183.smushcdn.com\/1654183\/wp-content\/uploads\/2017\/07\/SPHAERA_SLIM65W-768x768.jpg?lossy=0&amp;strip=1&amp;webp=1 768w, https:\/\/b1654183.smushcdn.com\/1654183\/wp-content\/uploads\/2017\/07\/SPHAERA_SLIM65W-36x36.jpg?lossy=0&amp;strip=1&amp;webp=1 36w, https:\/\/b1654183.smushcdn.com\/1654183\/wp-content\/uploads\/2017\/07\/SPHAERA_SLIM65W-180x180.jpg?lossy=0&amp;strip=1&amp;webp=1 180w, https:\/\/b1654183.smushcdn.com\/1654183\/wp-content\/uploads\/2017\/07\/SPHAERA_SLIM65W-705x705.jpg?lossy=0&amp;strip=1&amp;webp=1 705w, https:\/\/b1654183.smushcdn.com\/1654183\/wp-content\/uploads\/2017\/07\/SPHAERA_SLIM65W-120x120.jpg?lossy=0&amp;strip=1&amp;webp=1 120w, https:\/\/b1654183.smushcdn.com\/1654183\/wp-content\/uploads\/2017\/07\/SPHAERA_SLIM65W-450x450.jpg?lossy=0&amp;strip=1&amp;webp=1 450w, https:\/\/b1654183.smushcdn.com\/1654183\/wp-content\/uploads\/2017\/07\/SPHAERA_SLIM65W.jpg?lossy=0&amp;strip=1&amp;webp=1 1000w\" data-sizes=\"(max-width: 300px) 100vw, 300px\" src=\"data:image\/gif;base64,R0lGODlhAQABAAAAACH5BAEKAAEALAAAAAABAAEAAAICTAEAOw==\" style=\"--smush-placeholder-width: 300px; --smush-placeholder-aspect-ratio: 300\/300;\" \/><noscript><img decoding=\"async\" aria-describedby=\"caption-attachment-332\" class=\"wp-image-332 size-medium\" title=\"SPHAERA SLIM 65 W - Top quality boat fenders\" src=\"https:\/\/rubrails-tessilmare.com\/wp-content\/uploads\/2017\/07\/SPHAERA_SLIM65W-300x300.jpg\" alt=\"SPHAERA SLIM 65 W - Top quality boat fenders\" width=\"300\" height=\"300\" srcset=\"https:\/\/b1654183.smushcdn.com\/1654183\/wp-content\/uploads\/2017\/07\/SPHAERA_SLIM65W-300x300.jpg?lossy=0&amp;strip=1&amp;webp=1 300w, https:\/\/b1654183.smushcdn.com\/1654183\/wp-content\/uploads\/2017\/07\/SPHAERA_SLIM65W-80x80.jpg?lossy=0&amp;strip=1&amp;webp=1 80w, https:\/\/b1654183.smushcdn.com\/1654183\/wp-content\/uploads\/2017\/07\/SPHAERA_SLIM65W-768x768.jpg?lossy=0&amp;strip=1&amp;webp=1 768w, https:\/\/b1654183.smushcdn.com\/1654183\/wp-content\/uploads\/2017\/07\/SPHAERA_SLIM65W-36x36.jpg?lossy=0&amp;strip=1&amp;webp=1 36w, https:\/\/b1654183.smushcdn.com\/1654183\/wp-content\/uploads\/2017\/07\/SPHAERA_SLIM65W-180x180.jpg?lossy=0&amp;strip=1&amp;webp=1 180w, https:\/\/b1654183.smushcdn.com\/1654183\/wp-content\/uploads\/2017\/07\/SPHAERA_SLIM65W-705x705.jpg?lossy=0&amp;strip=1&amp;webp=1 705w, https:\/\/b1654183.smushcdn.com\/1654183\/wp-content\/uploads\/2017\/07\/SPHAERA_SLIM65W-120x120.jpg?lossy=0&amp;strip=1&amp;webp=1 120w, https:\/\/b1654183.smushcdn.com\/1654183\/wp-content\/uploads\/2017\/07\/SPHAERA_SLIM65W-450x450.jpg?lossy=0&amp;strip=1&amp;webp=1 450w, https:\/\/b1654183.smushcdn.com\/1654183\/wp-content\/uploads\/2017\/07\/SPHAERA_SLIM65W.jpg?lossy=0&amp;strip=1&amp;webp=1 1000w\" sizes=\"(max-width: 300px) 100vw, 300px\" \/><\/noscript><\/a><p id=\"caption-attachment-332\" class=\"wp-caption-text\">SPHAERA SLIM &#8211; \u00dcst kalite tekne tamponlar\u0131<\/p>\n<p style=\"text-align:center;\"><a href=\"#av-masonry-1\" style=\"background-color: #15354E;color:white;padding:5px;font-weight:bold\" class=\"CTAModels\">T\u00dcM TEKNE TAMPONLARINI G\u00d6R\u00dcNT\u00dcLE<\/a><\/p>\n<p><\/p><\/div>\n<p>\u0130skelelerden <strong>ve di\u011fer teknelerden<\/strong> gerekli korumay\u0131 sa\u011flayan <strong>tekne tamponu<\/strong>, her tekne veya yat i\u00e7in denizcilik d\u00fcnyas\u0131nda vazge\u00e7ilmez bir ara\u00e7t\u0131r. Teknenizin boyutuna ve a\u011f\u0131rl\u0131\u011f\u0131na orant\u0131l\u0131 uygun bir boyut, <strong>tam koruma<\/strong> ve ayr\u0131ca g\u00f6vde-g\u00fcverte aras\u0131nda <strong>iyi bir s\u0131zd\u0131rmazl\u0131k<\/strong> garantiler.<\/p>\n<p>Deniz aksesuarlar\u0131 alan\u0131nda d\u00fcnya \u00e7ap\u0131nda tan\u0131nan ve tekne rubrail tasar\u0131m\u0131nda lider olan Tessilmare, <strong>\u00fcst kalite<\/strong> <strong>tekne tamponlar\u0131<\/strong> sunar ve bunlar <strong>ola\u011fan\u00fcst\u00fc yenilik ve verimlilikleri<\/strong> ile \u00f6ne \u00e7\u0131kar. Tessilmare, her tekne modeli ve ihtiyac\u0131 i\u00e7in geni\u015f bir tampon profili yelpazesi sunar; baz\u0131 modeller iki versiyonda &#8211; dudakl\u0131 veya dudaks\u0131z &#8211; temin edilir ve farkl\u0131 boyutlarda mevcuttur.<\/p>\n<h3>5 uluslararas\u0131 patent<\/h3>\n<p>Tessilmare tekne rubrail \u00fcr\u00fcnleri <strong>be\u015f farkl\u0131 uluslararas\u0131 patentle<\/strong> korunmaktad\u0131r. Yenilikleri ve kolay montajlar\u0131 sayesinde denizcilik alan\u0131nda d\u00fcnya \u00e7ap\u0131nda m\u00fckemmeliyet olarak tan\u0131n\u0131rlar.<\/p>\n<p>Tessilmare, en yenilik\u00e7i tampon profili olan <strong><a title=\"Top quality boat fenders Sphaera\" href=\"https:\/\/rubrails-tessilmare.com\/tr\/boat-rub-rails\/sphaera-boat-rub-rails\/\">SPHAERA<\/a><\/strong>, hafif ve kolay b\u00fck\u00fclebilen; <strong><a title=\"Boat fenders Radial\" href=\"https:\/\/rubrails-tessilmare.com\/tr\/boat-rub-rails\/radyal\/\">RADIAL<\/a><\/strong>, birka\u00e7 h\u0131zl\u0131 ad\u0131mda so\u011fuk montaj yap\u0131labilen rakipsiz bir PVC rubrail; <strong>BUMPER<\/strong> ve <strong>BINO<\/strong>, hafif ama dayan\u0131kl\u0131, \u00f6zellikle askeri ve ticari tekneler i\u00e7in uygun \u00fcr\u00fcnler gibi \u00fcr\u00fcnlerin \u00fcretimi sayesinde lider bir \u015firkettir. Yeni \u00e7\u0131kan \u00fcr\u00fcn <strong>BINOX<\/strong>, vidalar olmadan do\u011frudan PVC taban \u00fczerine bas\u0131n\u00e7la monte edilebilen ilk paslanmaz \u00e7elik tampon profilidir.<\/p>\n<h3>Tekneniz i\u00e7in neden <a title=\"Tessilmare\" href=\"https:\/\/www.tessilmare.com\/en\/\" target=\"_blank\" rel=\"noopener\"><strong>Tessilmare<\/strong><\/a> tercih edilmeli<\/h3>\n<p>70 y\u0131ll\u0131k tekne tampon profili pazar\u0131ndaki tecr\u00fcbesiyle Tessilmare, <strong>son teknoloji ve malzemeler<\/strong> kullanarak m\u00fckemmel kalite ve g\u00fcvenilirlik garantisi verir ve t\u00fcm \u00fcr\u00fcnlerde \u00fcretim ve malzeme hatalar\u0131na kar\u015f\u0131 \u00f6m\u00fcr boyu garanti sunar.<\/p>\n<p>PVC ve paslanmaz \u00e7elikten \u00fcretilen Tessilmare tekne tamponlar\u0131 <strong>tamamen \u0130talya&#8217;da tasarlan\u0131p \u00fcretilmektedir<\/strong>. T\u00fcm \u00fcr\u00fcnler Tessilmare eShop sayesinde \u00e7evrimi\u00e7i sat\u0131labilir ve d\u00fcnya \u00e7ap\u0131nda g\u00f6nderilebilir.<\/p>\n<\/div><\/section><\/p><\/div>\n\n<style type=\"text\/css\" data-created_by=\"avia_inline_auto\" id=\"style-css-av-i0pyps-4863a3e7605e6d42e27133676363f746\">\n#top .hr.hr-invisible.av-i0pyps-4863a3e7605e6d42e27133676363f746{\nheight:5px;\n}\n<\/style>\n<div  class='hr av-i0pyps-4863a3e7605e6d42e27133676363f746 hr-invisible  avia-builder-el-5  el_after_av_one_full  el_before_av_one_full '><span class='hr-inner '><span class=\"hr-inner-style\"><\/span><\/span><\/div>\n\n<style type=\"text\/css\" data-created_by=\"avia_inline_auto\" id=\"style-css-av-frr0g0-e212cd0a5dcade41d3bda63fc8db9893\">\n.flex_column.av-frr0g0-e212cd0a5dcade41d3bda63fc8db9893{\nborder-radius:0px 0px 0px 0px;\npadding:0px 0px 0px 0px;\n}\n<\/style>\n<div  class='flex_column av-frr0g0-e212cd0a5dcade41d3bda63fc8db9893 av_one_full  avia-builder-el-6  el_after_av_hr  el_before_av_hr  first flex_column_div av-zero-column-padding  '     ><div id='av-masonry-1' class='av-masonry av-dfutlc-a0c9a6d3d8a694fc7b1dfb5c8083fc11 noHover av-fixed-size av-1px-gap av-hover-overlay-active av-masonry-animation-active av-masonry-col-3 av-caption-on-hover av-caption-style-overlay av-masonry-gallery av-medium-columns-overwrite av-medium-columns-3 av-orientation-square ' data-post_id=\"8977\"><div class=\"av-masonry-container isotope av-js-disabled\"><div class='av-masonry-entry isotope-item av-masonry-item-no-image '><\/div><a href=\"https:\/\/rubrails-tessilmare.com\/tr\/sphaera-paslanmaz-celik-316l-cubuk-50\/\" aria-label=\"image SPHAERA_50\" id=\"av-masonry-1-item-8888\" data-av-masonry-item=\"8888\" class=\"av-masonry-entry isotope-item post-8888 attachment type-attachment status-inherit hentry  av-masonry-item-with-image\" title=\"SPHAERA_50\" alt=\"\" data-av-masonry-custom-link=\"https:\/\/rubrails-tessilmare.com\/tr\/sphaera-paslanmaz-celik-316l-cubuk-50\/\" itemprop=\"thumbnailUrl\"><div class='av-inner-masonry-sizer'><\/div><figure class='av-inner-masonry main_color'><div class=\"av-masonry-outerimage-container\"><div class='av-masonry-image-container lazyload' style=\"background-image:inherit;\"  title=\"SPHAERA_50\"  data-bg-image=\"url(https:\/\/rubrails-tessilmare.com\/wp-content\/uploads\/2017\/07\/SPHAERA_50-705x705.jpg)\"><\/div><\/div><figcaption class='av-inner-masonry-content site-background'><div class='av-inner-masonry-content-pos'><div class='av-inner-masonry-content-pos-content'><div class='avia-arrow'><\/div><div class='av-masonry-entry-content entry-content'  itemprop=\"text\" >SPHAERA STAINLESS STEEL 316L BAR 50<\/div><\/div><\/div><\/figcaption><\/figure><\/a><!--end av-masonry entry--><a href=\"https:\/\/rubrails-tessilmare.com\/tr\/sphaera-paslanmaz-celik-316l-cubuk-65\/\" aria-label=\"image Boat Bumpers SPHAERA 65\" id=\"av-masonry-1-item-7840\" data-av-masonry-item=\"7840\" class=\"av-masonry-entry isotope-item post-7840 attachment type-attachment status-inherit hentry  av-masonry-item-with-image\" title=\"Boat Bumpers SPHAERA 65\" alt=\"\" data-av-masonry-custom-link=\"https:\/\/rubrails-tessilmare.com\/tr\/sphaera-paslanmaz-celik-316l-cubuk-65\/\" itemprop=\"thumbnailUrl\"><div class='av-inner-masonry-sizer'><\/div><figure class='av-inner-masonry main_color'><div class=\"av-masonry-outerimage-container\"><div class='av-masonry-image-container lazyload' style=\"background-image:inherit;\"  title=\"Boat Bumpers SPHAERA 65\"  data-bg-image=\"url(https:\/\/rubrails-tessilmare.com\/wp-content\/uploads\/2017\/07\/SPHAERA_65-705x705.jpg)\"><\/div><\/div><figcaption class='av-inner-masonry-content site-background'><div class='av-inner-masonry-content-pos'><div class='av-inner-masonry-content-pos-content'><div class='avia-arrow'><\/div><div class='av-masonry-entry-content entry-content'  itemprop=\"text\" >SPHAERA STAINLESS STEEL 316L BAR 65<\/div><\/div><\/div><\/figcaption><\/figure><\/a><!--end av-masonry entry--><\/div><\/div><\/div>\n<div  class='hr av-cg3ba8-ecba71064fc6216578638b521ed5ff5f hr-default  avia-builder-el-8  el_after_av_one_full  el_before_av_one_full '><span class='hr-inner '><span class=\"hr-inner-style\"><\/span><\/span><\/div>\n\n<style type=\"text\/css\" data-created_by=\"avia_inline_auto\" id=\"style-css-av-b3zhls-9f16d7130b8d5e93e3fc776207940d72\">\n.flex_column.av-b3zhls-9f16d7130b8d5e93e3fc776207940d72{\nborder-radius:0px 0px 0px 0px;\npadding:20px 20px 20px 20px;\nbackground-color:#efeff0;\n}\n<\/style>\n<div  class='flex_column av-b3zhls-9f16d7130b8d5e93e3fc776207940d72 av_one_full  avia-builder-el-9  el_after_av_hr  el_before_av_hr  first flex_column_div  '     ><\/div>\n<div  class='hr av-7gw9mo-ad16eec21a1a0beeb45ddcd5208ddcaa hr-default  avia-builder-el-11  el_after_av_one_full  el_before_av_one_full '><span class='hr-inner '><span class=\"hr-inner-style\"><\/span><\/span><\/div>\n\n<style type=\"text\/css\" data-created_by=\"avia_inline_auto\" id=\"style-css-av-l4iio-fc4316521565893d6cadd540d65a7d3f\">\n.flex_column.av-l4iio-fc4316521565893d6cadd540d65a7d3f{\nborder-radius:0px 0px 0px 0px;\n}\n<\/style>\n<div  class='flex_column av-l4iio-fc4316521565893d6cadd540d65a7d3f av_one_full  avia-builder-el-12  el_after_av_hr  avia-builder-el-last  first flex_column_div  '     ><p>\n<style type=\"text\/css\" data-created_by=\"avia_inline_auto\" id=\"style-css-av-4kj700-b951e52e5ea77026ba22072a6be9ec5d\">\n#top .av-special-heading.av-4kj700-b951e52e5ea77026ba22072a6be9ec5d{\npadding-bottom:10px;\n}\nbody .av-special-heading.av-4kj700-b951e52e5ea77026ba22072a6be9ec5d .av-special-heading-tag .heading-char{\nfont-size:25px;\n}\n.av-special-heading.av-4kj700-b951e52e5ea77026ba22072a6be9ec5d .av-subheading{\nfont-size:15px;\n}\n<\/style>\n<div  class='av-special-heading av-4kj700-b951e52e5ea77026ba22072a6be9ec5d av-special-heading-h3 blockquote modern-quote  avia-builder-el-13  el_before_av_sidebar  avia-builder-el-first '><h3 class='av-special-heading-tag '  itemprop=\"headline\"  >Di\u011fer \u00f6zel i\u00e7erik<\/h3><div class=\"special-heading-border\"><div class=\"special-heading-inner-border\"><\/div><\/div><\/div><br \/>\n<div  class='avia-builder-widget-area clearfix  avia-builder-el-14  el_after_av_heading  avia-builder-el-last '><section id=\"nav_menu-6\" class=\"widget clearfix widget_nav_menu\"><div class=\"menu-menu-pagine-tag-turkish-container\"><ul id=\"menu-menu-pagine-tag-turkish\" class=\"menu\"><li id=\"menu-item-9776\" class=\"menu-item menu-item-type-post_type menu-item-object-page menu-item-9776\"><a href=\"https:\/\/rubrails-tessilmare.com\/tr\/surtme-rayi-kiti\/\">S\u00fcrtme Ray\u0131 Kiti<\/a><\/li>\n<li id=\"menu-item-9777\" class=\"menu-item menu-item-type-post_type menu-item-object-page menu-item-9777\"><a href=\"https:\/\/rubrails-tessilmare.com\/tr\/rub-rail-montaji\/\">Rub Rail Montaj\u0131<\/a><\/li>\n<li id=\"menu-item-9778\" class=\"menu-item menu-item-type-post_type menu-item-object-page menu-item-9778\"><a href=\"https:\/\/rubrails-tessilmare.com\/tr\/dikey-rihtim-tamponlari\/\">Dikey R\u0131ht\u0131m Tamponlar\u0131<\/a><\/li>\n<li id=\"menu-item-9779\" class=\"menu-item menu-item-type-post_type menu-item-object-page menu-item-9779\"><a href=\"https:\/\/rubrails-tessilmare.com\/tr\/tekne-yat-kic-koruyucu\/\">Tekne Yat K\u0131\u00e7 Koruyucu<\/a><\/li>\n<li id=\"menu-item-9780\" class=\"menu-item menu-item-type-post_type menu-item-object-page menu-item-9780\"><a href=\"https:\/\/rubrails-tessilmare.com\/tr\/tekne-tamponlari-2\/\">Tekne tamponlar\u0131<\/a><\/li>\n<li id=\"menu-item-9781\" class=\"menu-item menu-item-type-post_type menu-item-object-page menu-item-9781\"><a href=\"https:\/\/rubrails-tessilmare.com\/tr\/tekne-pruva-korkuluklari\/\">Tekne Pruva Korkuluklar\u0131<\/a><\/li>\n<li id=\"menu-item-9782\" class=\"menu-item menu-item-type-custom menu-item-object-custom menu-item-9782\"><a href=\"https:\/\/rubrails-tessilmare.com\/dock-rubber-edging\/\">Dock Rubber Edging<\/a><\/li>\n<li id=\"menu-item-9783\" class=\"menu-item menu-item-type-post_type menu-item-object-page menu-item-9783\"><a href=\"https:\/\/rubrails-tessilmare.com\/tr\/lastik-bot-iskelesi-tamponlari\/\">Lastik Bot \u0130skelesi Tamponlar\u0131<\/a><\/li>\n<li id=\"menu-item-9784\" class=\"menu-item menu-item-type-post_type menu-item-object-page menu-item-9784\"><a href=\"https:\/\/rubrails-tessilmare.com\/tr\/surtme-korkulugu\/\">S\u00fcrtme Korkulu\u011fu<\/a><\/li>\n<li id=\"menu-item-9785\" class=\"menu-item menu-item-type-post_type menu-item-object-page menu-item-9785\"><a href=\"https:\/\/rubrails-tessilmare.com\/tr\/kaucuk-iskele-tamponlari\/\">Kau\u00e7uk \u0130skele Tamponlar\u0131<\/a><\/li>\n<li id=\"menu-item-9786\" class=\"menu-item menu-item-type-post_type menu-item-object-page menu-item-9786\"><a href=\"https:\/\/rubrails-tessilmare.com\/tr\/lastik-bot-iskelesi-tamponlari\/\">Lastik Bot \u0130skelesi Tamponlar\u0131<\/a><\/li>\n<li id=\"menu-item-9787\" class=\"menu-item menu-item-type-post_type menu-item-object-page menu-item-9787\"><a href=\"https:\/\/rubrails-tessilmare.com\/tr\/tekne-tamponlari\/\">Tekne Tamponlar\u0131<\/a><\/li>\n<li id=\"menu-item-9788\" class=\"menu-item menu-item-type-post_type menu-item-object-page menu-item-9788\"><a href=\"https:\/\/rubrails-tessilmare.com\/tr\/iskele-kenari-tamponlari\/\">\u0130skele Kenar\u0131 Tamponlar\u0131<\/a><\/li>\n<li id=\"menu-item-9789\" class=\"menu-item menu-item-type-post_type menu-item-object-page menu-item-9789\"><a href=\"https:\/\/rubrails-tessilmare.com\/tr\/iskele-tampon-cozumleri\/\">\u0130skele Tampon \u00c7\u00f6z\u00fcmleri<\/a><\/li>\n<li id=\"menu-item-9790\" class=\"menu-item menu-item-type-post_type menu-item-object-page menu-item-9790\"><a href=\"https:\/\/rubrails-tessilmare.com\/tr\/tekne-tampon-korkulugu\/\">Tekne Tampon Korkulu\u011fu<\/a><\/li>\n<li id=\"menu-item-9791\" class=\"menu-item menu-item-type-post_type menu-item-object-page menu-item-9791\"><a href=\"https:\/\/rubrails-tessilmare.com\/tr\/tekne-iskelesi-kose-tamponlari\/\">Tekne \u0130skelesi K\u00f6\u015fe Tamponlar\u0131<\/a><\/li>\n<li id=\"menu-item-9792\" class=\"menu-item menu-item-type-post_type menu-item-object-page menu-item-9792\"><a href=\"https:\/\/rubrails-tessilmare.com\/tr\/deniz-tamponlari\/\">Deniz Tamponlar\u0131<\/a><\/li>\n<li id=\"menu-item-9793\" class=\"menu-item menu-item-type-post_type menu-item-object-page menu-item-9793\"><a href=\"https:\/\/rubrails-tessilmare.com\/tr\/tekne-yan-korkuluklari\/\">Tekne Yan Korkuluklar\u0131<\/a><\/li>\n<li id=\"menu-item-9797\" class=\"menu-item menu-item-type-post_type menu-item-object-page menu-item-9797\"><a href=\"https:\/\/rubrails-tessilmare.com\/tr\/iskele-kenari\/\">\u0130skele Kenar\u0131<\/a><\/li>\n<li id=\"menu-item-9798\" class=\"menu-item menu-item-type-post_type menu-item-object-page menu-item-9798\"><a href=\"https:\/\/rubrails-tessilmare.com\/tr\/bino-dock-rub-raydi\/\">Bino-Dock Rub Rayd\u0131<\/a><\/li>\n<li id=\"menu-item-9799\" class=\"menu-item menu-item-type-post_type menu-item-object-page menu-item-9799\"><a href=\"https:\/\/rubrails-tessilmare.com\/tr\/kaucuk-bot-tamponlari\/\">Kau\u00e7uk Bot Tamponlar\u0131<\/a><\/li>\n<\/ul><\/div><span class=\"seperator extralight-border\"><\/span><\/section><\/div><\/p><\/div>\n","protected":false},"excerpt":{"rendered":"","protected":false},"author":1,"featured_media":0,"parent":0,"menu_order":0,"comment_status":"closed","ping_status":"closed","template":"","meta":{"rank_math_lock_modified_date":false,"footnotes":""},"class_list":["post-8977","page","type-page","status-publish","hentry"],"_links":{"self":[{"href":"https:\/\/rubrails-tessilmare.com\/tr\/wp-json\/wp\/v2\/pages\/8977"}],"collection":[{"href":"https:\/\/rubrails-tessilmare.com\/tr\/wp-json\/wp\/v2\/pages"}],"about":[{"href":"https:\/\/rubrails-tessilmare.com\/tr\/wp-json\/wp\/v2\/types\/page"}],"author":[{"embeddable":true,"href":"https:\/\/rubrails-tessilmare.com\/tr\/wp-json\/wp\/v2\/users\/1"}],"replies":[{"embeddable":true,"href":"https:\/\/rubrails-tessilmare.com\/tr\/wp-json\/wp\/v2\/comments?post=8977"}],"version-history":[{"count":1,"href":"https:\/\/rubrails-tessilmare.com\/tr\/wp-json\/wp\/v2\/pages\/8977\/revisions"}],"predecessor-version":[{"id":8980,"href":"https:\/\/rubrails-tessilmare.com\/tr\/wp-json\/wp\/v2\/pages\/8977\/revisions\/8980"}],"wp:attachment":[{"href":"https:\/\/rubrails-tessilmare.com\/tr\/wp-json\/wp\/v2\/media?parent=8977"}],"curies":[{"name":"wp","href":"https:\/\/api.w.org\/{rel}","templated":true}]}}